{"id":2786,"date":"2025-08-21T12:33:10","date_gmt":"2025-08-21T11:33:10","guid":{"rendered":"https:\/\/msk.si\/?page_id=2786"},"modified":"2025-09-26T10:30:51","modified_gmt":"2025-09-26T09:30:51","slug":"gesellschaftliche-verantwortung","status":"publish","type":"page","link":"https:\/\/msk.si\/de\/gesellschaftliche-verantwortung\/","title":{"rendered":"Gesellschaftliche Verantwortung"},"content":{"rendered":"\t\t<div data-elementor-type=\"wp-page\" data-elementor-id=\"2786\" class=\"elementor elementor-2786 elementor-2522\">\n\t\t\t\t\t\t<section class=\"elementor-section elementor-top-section elementor-element elementor-element-8a7b012 elementor-section-full_width elementor-section-height-default elementor-section-height-default\" data-id=\"8a7b012\" data-element_type=\"section\" data-settings=\"{&quot;wdt_bg_image&quot;:{&quot;url&quot;:&quot;&quot;,&quot;id&quot;:&quot;&quot;,&quot;size&quot;:&quot;&quot;},&quot;wdt_bg_image_laptop&quot;:{&quot;url&quot;:&quot;&quot;,&quot;id&quot;:&quot;&quot;,&quot;size&quot;:&quot;&quot;},&quot;wdt_bg_image_tablet_extra&quot;:{&quot;url&quot;:&quot;&quot;,&quot;id&quot;:&quot;&quot;,&quot;size&quot;:&quot;&quot;},&quot;wdt_bg_image_tablet&quot;:{&quot;url&quot;:&quot;&quot;,&quot;id&quot;:&quot;&quot;,&quot;size&quot;:&quot;&quot;},&quot;wdt_bg_image_mobile_extra&quot;:{&quot;url&quot;:&quot;&quot;,&quot;id&quot;:&quot;&quot;,&quot;size&quot;:&quot;&quot;},&quot;wdt_bg_image_mobile&quot;:{&quot;url&quot;:&quot;&quot;,&quot;id&quot;:&quot;&quot;,&quot;size&quot;:&quot;&quot;},&quot;wdt_bg_position&quot;:&quot;center center&quot;,&quot;wdt_animation_effect&quot;:&quot;none&quot;}\">\n\t\t\t\t\t\t<div class=\"elementor-container elementor-column-gap-no\">\n\t\t\t\t\t<div class=\"elementor-column elementor-col-100 elementor-top-column elementor-element elementor-element-2a3d5e1\" data-id=\"2a3d5e1\" data-element_type=\"column\">\n\t\t\t<div class=\"elementor-widget-wrap elementor-element-populated\">\n\t\t\t\t\t\t<section class=\"elementor-section elementor-inner-section elementor-element elementor-element-8e16d1e elementor-section-boxed elementor-section-height-default elementor-section-height-default\" data-id=\"8e16d1e\" data-element_type=\"section\" data-settings=\"{&quot;wdt_bg_image&quot;:{&quot;url&quot;:&quot;&quot;,&quot;id&quot;:&quot;&quot;,&quot;size&quot;:&quot;&quot;},&quot;wdt_bg_image_laptop&quot;:{&quot;url&quot;:&quot;&quot;,&quot;id&quot;:&quot;&quot;,&quot;size&quot;:&quot;&quot;},&quot;wdt_bg_image_tablet_extra&quot;:{&quot;url&quot;:&quot;&quot;,&quot;id&quot;:&quot;&quot;,&quot;size&quot;:&quot;&quot;},&quot;wdt_bg_image_tablet&quot;:{&quot;url&quot;:&quot;&quot;,&quot;id&quot;:&quot;&quot;,&quot;size&quot;:&quot;&quot;},&quot;wdt_bg_image_mobile_extra&quot;:{&quot;url&quot;:&quot;&quot;,&quot;id&quot;:&quot;&quot;,&quot;size&quot;:&quot;&quot;},&quot;wdt_bg_image_mobile&quot;:{&quot;url&quot;:&quot;&quot;,&quot;id&quot;:&quot;&quot;,&quot;size&quot;:&quot;&quot;},&quot;wdt_bg_position&quot;:&quot;center center&quot;,&quot;wdt_animation_effect&quot;:&quot;none&quot;}\">\n\t\t\t\t\t\t<div class=\"elementor-container elementor-column-gap-default\">\n\t\t\t\t\t<div class=\"elementor-column elementor-col-50 elementor-inner-column elementor-element elementor-element-88346c0\" data-id=\"88346c0\" data-element_type=\"column\">\n\t\t\t<div class=\"elementor-widget-wrap elementor-element-populated\">\n\t\t\t\t\t\t<div class=\"elementor-element elementor-element-029cc64 elementor-widget elementor-widget-text-editor\" data-id=\"029cc64\" data-element_type=\"widget\" data-settings=\"{&quot;wdt_animation_effect&quot;:&quot;none&quot;}\" data-widget_type=\"text-editor.default\">\n\t\t\t\t<div class=\"elementor-widget-container\">\n\t\t\t\t\t\t\t\t\t<p class=\"western\" lang=\"de-DE\">Der Verpackungshersteller MSK, d. o. o., ist bereits seit 1990 in seiner lokalen Umgebung aktiv und setzt sich f\u00fcr die Verbesserung der Lebens- und Arbeitsqualit\u00e4t in seinem Umfeld ein.<\/p><p class=\"western\" lang=\"de-DE\">Der Umweltschutz steht ganz oben auf der Priorit\u00e4tenliste in unserer Entwicklungsstrategie. Die Umweltschutzpolitik umfasst den gesamten Produktzyklus, &#8211; von der Planungsphase, \u00fcber die Herstellung bis hin zum Ende der Lebensdauer des Produkts.<\/p><p class=\"western\" lang=\"de-DE\">Wir legen gro\u00dfen Wert auf die Ausarbeitung und Anwendung moderner technologischer L\u00f6sungen f\u00fcr unsere Produkte, was von einer wachsenden Zahl umweltbewusster Verbraucher gesch\u00e4tzt wird. Unser Ziel ist es, Verpackungen herzustellen, f\u00fcr deren Produktion weniger Strom, Wasser und andere Energietr\u00e4ger verbraucht werden. Mit unserem Sponsoring unterst\u00fctzen wir zahlreiche Aktivit\u00e4ten und Initiativen. Dadurch erm\u00f6glichen wir verschiedene schulische, au\u00dferschulische, kulturelle, sportliche, humanit\u00e4re und andere Projekte und f\u00f6rdern das Bewusstsein f\u00fcr die Bedeutung des gesellschaftlichen Umfelds.<\/p><p class=\"western\" lang=\"de-DE\">Wir arbeiten regelm\u00e4\u00dfig mit Kinderg\u00e4rten, Grund- und Sekundarschulen aus der lokalen und weiteren Umgebung sowie mit verschiedenen anderen Vereinen und Einrichtungen zusammen.<\/p>\t\t\t\t\t\t\t\t<\/div>\n\t\t\t\t<\/div>\n\t\t\t\t\t<\/div>\n\t\t<\/div>\n\t\t\t\t<div class=\"elementor-column elementor-col-50 elementor-inner-column elementor-element elementor-element-0677503 wdt-custom-testmonial\" data-id=\"0677503\" data-element_type=\"column\">\n\t\t\t<div class=\"elementor-widget-wrap elementor-element-populated\">\n\t\t\t\t\t\t<div class=\"elementor-element elementor-element-be6089e elementor-widget elementor-widget-wdt-testimonial\" data-id=\"be6089e\" data-element_type=\"widget\" data-settings=\"{&quot;button_normal_background_background&quot;:&quot;classic&quot;,&quot;button_normal_background_color&quot;:&quot;#BB2233&quot;,&quot;carousel_arrows_prev_arrow_vertical_top_indent&quot;:{&quot;unit&quot;:&quot;%&quot;,&quot;size&quot;:&quot;&quot;,&quot;sizes&quot;:[]},&quot;carousel_arrows_prev_arrow_vertical_top_indent_laptop&quot;:{&quot;unit&quot;:&quot;px&quot;,&quot;size&quot;:&quot;&quot;,&quot;sizes&quot;:[]},&quot;carousel_arrows_prev_arrow_vertical_top_indent_tablet_extra&quot;:{&quot;unit&quot;:&quot;px&quot;,&quot;size&quot;:&quot;&quot;,&quot;sizes&quot;:[]},&quot;carousel_arrows_prev_arrow_vertical_top_indent_tablet&quot;:{&quot;unit&quot;:&quot;%&quot;,&quot;size&quot;:&quot;&quot;,&quot;sizes&quot;:[]},&quot;carousel_arrows_prev_arrow_vertical_top_indent_mobile_extra&quot;:{&quot;unit&quot;:&quot;px&quot;,&quot;size&quot;:&quot;&quot;,&quot;sizes&quot;:[]},&quot;carousel_arrows_prev_arrow_vertical_top_indent_mobile&quot;:{&quot;unit&quot;:&quot;%&quot;,&quot;size&quot;:&quot;&quot;,&quot;sizes&quot;:[]},&quot;carousel_arrows_prev_arrow_horizontal_left_indent&quot;:{&quot;unit&quot;:&quot;%&quot;,&quot;size&quot;:&quot;&quot;,&quot;sizes&quot;:[]},&quot;carousel_arrows_prev_arrow_horizontal_left_indent_laptop&quot;:{&quot;unit&quot;:&quot;px&quot;,&quot;size&quot;:&quot;&quot;,&quot;sizes&quot;:[]},&quot;carousel_arrows_prev_arrow_horizontal_left_indent_tablet_extra&quot;:{&quot;unit&quot;:&quot;px&quot;,&quot;size&quot;:&quot;&quot;,&quot;sizes&quot;:[]},&quot;carousel_arrows_prev_arrow_horizontal_left_indent_tablet&quot;:{&quot;unit&quot;:&quot;%&quot;,&quot;size&quot;:&quot;&quot;,&quot;sizes&quot;:[]},&quot;carousel_arrows_prev_arrow_horizontal_left_indent_mobile_extra&quot;:{&quot;unit&quot;:&quot;px&quot;,&quot;size&quot;:&quot;&quot;,&quot;sizes&quot;:[]},&quot;carousel_arrows_prev_arrow_horizontal_left_indent_mobile&quot;:{&quot;unit&quot;:&quot;%&quot;,&quot;size&quot;:&quot;&quot;,&quot;sizes&quot;:[]},&quot;carousel_arrows_next_arrow_vertical_top_indent&quot;:{&quot;unit&quot;:&quot;%&quot;,&quot;size&quot;:&quot;&quot;,&quot;sizes&quot;:[]},&quot;carousel_arrows_next_arrow_vertical_top_indent_laptop&quot;:{&quot;unit&quot;:&quot;px&quot;,&quot;size&quot;:&quot;&quot;,&quot;sizes&quot;:[]},&quot;carousel_arrows_next_arrow_vertical_top_indent_tablet_extra&quot;:{&quot;unit&quot;:&quot;px&quot;,&quot;size&quot;:&quot;&quot;,&quot;sizes&quot;:[]},&quot;carousel_arrows_next_arrow_vertical_top_indent_tablet&quot;:{&quot;unit&quot;:&quot;%&quot;,&quot;size&quot;:&quot;&quot;,&quot;sizes&quot;:[]},&quot;carousel_arrows_next_arrow_vertical_top_indent_mobile_extra&quot;:{&quot;unit&quot;:&quot;px&quot;,&quot;size&quot;:&quot;&quot;,&quot;sizes&quot;:[]},&quot;carousel_arrows_next_arrow_vertical_top_indent_mobile&quot;:{&quot;unit&quot;:&quot;%&quot;,&quot;size&quot;:&quot;&quot;,&quot;sizes&quot;:[]},&quot;carousel_arrows_next_arrow_horizontal_left_indent&quot;:{&quot;unit&quot;:&quot;%&quot;,&quot;size&quot;:&quot;&quot;,&quot;sizes&quot;:[]},&quot;carousel_arrows_next_arrow_horizontal_left_indent_laptop&quot;:{&quot;unit&quot;:&quot;px&quot;,&quot;size&quot;:&quot;&quot;,&quot;sizes&quot;:[]},&quot;carousel_arrows_next_arrow_horizontal_left_indent_tablet_extra&quot;:{&quot;unit&quot;:&quot;px&quot;,&quot;size&quot;:&quot;&quot;,&quot;sizes&quot;:[]},&quot;carousel_arrows_next_arrow_horizontal_left_indent_tablet&quot;:{&quot;unit&quot;:&quot;%&quot;,&quot;size&quot;:&quot;&quot;,&quot;sizes&quot;:[]},&quot;carousel_arrows_next_arrow_horizontal_left_indent_mobile_extra&quot;:{&quot;unit&quot;:&quot;px&quot;,&quot;size&quot;:&quot;&quot;,&quot;sizes&quot;:[]},&quot;carousel_arrows_next_arrow_horizontal_left_indent_mobile&quot;:{&quot;unit&quot;:&quot;%&quot;,&quot;size&quot;:&quot;&quot;,&quot;sizes&quot;:[]},&quot;wdt_animation_effect&quot;:&quot;none&quot;}\" data-widget_type=\"wdt-testimonial.default\">\n\t\t\t\t<div class=\"elementor-widget-container\">\n\t\t\t\t\t<div class=\"wdt-testimonial-holder wdt-content-item-holder wdt-column-holder wdt-rc-template-custom-template\" id=\"wdt-testimonial-be6089e\"><div class=\"wdt-content-item\"><div class=\"wdt-content-media-group\"><div class=\"wdt-content-icon-wrapper\"><div class=\"wdt-content-icon\"><span><i aria-hidden=\"true\" class=\"fas fa-quote-right\"><\/i><\/span><\/div><\/div><\/div><div class=\"wdt-content-detail-group\"><div class=\"wdt-content-description\">In den Umweltrahmen- und Umsetzungszielen setzen wir uns Priorit\u00e4ten f\u00fcr den Umweltschutz, die unserem Unternehmen eine kontinuierliche Verbesserung seines Verh\u00e4ltnisses zur Umwelt gew\u00e4hrleisten und das Verst\u00e4ndnis f\u00fcr die Bedeutung des Umweltschutzes bei unseren Kunden sicherstellen.<\/div><div class=\"wdt-content-elements-group wdt-content-group \"><div class=\"wdt-content-button wdt-button-clone\"><a href=\"https:\/\/msk.si\/de\/kontakt\" target=\"_blank\" rel=\"nofollow\" ><div class=\"wdt-button-text\"><span>Kontaktieren Sie uns<\/span><\/div><\/a><\/div><\/div><\/div><\/div><\/div>\t\t\t\t<\/div>\n\t\t\t\t<\/div>\n\t\t\t\t\t<\/div>\n\t\t<\/div>\n\t\t\t\t\t<\/div>\n\t\t<\/section>\n\t\t\t\t\t<\/div>\n\t\t<\/div>\n\t\t\t\t\t<\/div>\n\t\t<\/section>\n\t\t\t\t<section class=\"elementor-section elementor-top-section elementor-element elementor-element-9293a96 elementor-section-boxed elementor-section-height-default elementor-section-height-default\" data-id=\"9293a96\" data-element_type=\"section\" data-settings=\"{&quot;wdt_bg_image&quot;:{&quot;url&quot;:&quot;&quot;,&quot;id&quot;:&quot;&quot;,&quot;size&quot;:&quot;&quot;},&quot;wdt_bg_image_laptop&quot;:{&quot;url&quot;:&quot;&quot;,&quot;id&quot;:&quot;&quot;,&quot;size&quot;:&quot;&quot;},&quot;wdt_bg_image_tablet_extra&quot;:{&quot;url&quot;:&quot;&quot;,&quot;id&quot;:&quot;&quot;,&quot;size&quot;:&quot;&quot;},&quot;wdt_bg_image_tablet&quot;:{&quot;url&quot;:&quot;&quot;,&quot;id&quot;:&quot;&quot;,&quot;size&quot;:&quot;&quot;},&quot;wdt_bg_image_mobile_extra&quot;:{&quot;url&quot;:&quot;&quot;,&quot;id&quot;:&quot;&quot;,&quot;size&quot;:&quot;&quot;},&quot;wdt_bg_image_mobile&quot;:{&quot;url&quot;:&quot;&quot;,&quot;id&quot;:&quot;&quot;,&quot;size&quot;:&quot;&quot;},&quot;wdt_bg_position&quot;:&quot;center center&quot;,&quot;wdt_animation_effect&quot;:&quot;none&quot;}\">\n\t\t\t\t\t\t<div class=\"elementor-container elementor-column-gap-default\">\n\t\t\t\t\t<div class=\"elementor-column elementor-col-100 elementor-top-column elementor-element elementor-element-b610a01\" data-id=\"b610a01\" data-element_type=\"column\">\n\t\t\t<div class=\"elementor-widget-wrap elementor-element-populated\">\n\t\t\t\t\t\t<div class=\"elementor-element elementor-element-9fedc03 elementor-widget elementor-widget-spacer\" data-id=\"9fedc03\" data-element_type=\"widget\" data-settings=\"{&quot;wdt_animation_effect&quot;:&quot;none&quot;}\" data-widget_type=\"spacer.default\">\n\t\t\t\t<div class=\"elementor-widget-container\">\n\t\t\t\t\t\t\t<div class=\"elementor-spacer\">\n\t\t\t<div class=\"elementor-spacer-inner\"><\/div>\n\t\t<\/div>\n\t\t\t\t\t\t<\/div>\n\t\t\t\t<\/div>\n\t\t\t\t\t<\/div>\n\t\t<\/div>\n\t\t\t\t\t<\/div>\n\t\t<\/section>\n\t\t\t\t<\/div>\n\t\t","protected":false},"excerpt":{"rendered":"<p>Der Verpackungshersteller MSK, d. o. o., ist bereits seit 1990 in seiner lokalen Umgebung aktiv und setzt sich f\u00fcr die Verbesserung der Lebens- und Arbeitsqualit\u00e4t in seinem Umfeld ein. Der Umweltschutz steht ganz oben auf der Priorit\u00e4tenliste in unserer Entwicklungsstrategie. Die Umweltschutzpolitik umfasst den gesamten Produktzyklus, &#8211; von der Planungsphase, \u00fcber die Herstellung bis hin [&hellip;]<\/p>\n","protected":false},"author":2,"featured_media":0,"parent":0,"menu_order":0,"comment_status":"closed","ping_status":"closed","template":"elementor_header_footer","meta":{"inline_featured_image":false,"footnotes":""},"class_list":["post-2786","page","type-page","status-publish","hentry"],"yoast_head":"<!-- This site is optimized with the Yoast SEO plugin v26.4 - https:\/\/yoast.com\/wordpress\/plugins\/seo\/ -->\n<title>Gesellschaftliche Verantwortung - MSK<\/title>\n<meta name=\"robots\" content=\"index, follow, max-snippet:-1, max-image-preview:large, max-video-preview:-1\" \/>\n<link rel=\"canonical\" href=\"https:\/\/msk.si\/druzbena-odgovornost-podjetja\/\" \/>\n<meta property=\"og:locale\" content=\"de_DE\" \/>\n<meta property=\"og:type\" content=\"article\" \/>\n<meta property=\"og:title\" content=\"Gesellschaftliche Verantwortung - MSK\" \/>\n<meta property=\"og:description\" content=\"Der Verpackungshersteller MSK, d. o. o., ist bereits seit 1990 in seiner lokalen Umgebung aktiv und setzt sich f\u00fcr die Verbesserung der Lebens- und Arbeitsqualit\u00e4t in seinem Umfeld ein. Der Umweltschutz steht ganz oben auf der Priorit\u00e4tenliste in unserer Entwicklungsstrategie. Die Umweltschutzpolitik umfasst den gesamten Produktzyklus, &#8211; von der Planungsphase, \u00fcber die Herstellung bis hin [&hellip;]\" \/>\n<meta property=\"og:url\" content=\"https:\/\/msk.si\/druzbena-odgovornost-podjetja\/\" \/>\n<meta property=\"og:site_name\" content=\"MSK\" \/>\n<meta property=\"article:modified_time\" content=\"2025-09-26T09:30:51+00:00\" \/>\n<meta name=\"twitter:card\" content=\"summary_large_image\" \/>\n<meta name=\"twitter:label1\" content=\"Gesch\u00e4tzte Lesezeit\" \/>\n\t<meta name=\"twitter:data1\" content=\"1\u00a0Minute\" \/>\n<script type=\"application\/ld+json\" class=\"yoast-schema-graph\">{\"@context\":\"https:\/\/schema.org\",\"@graph\":[{\"@type\":\"WebPage\",\"@id\":\"https:\/\/msk.si\/druzbena-odgovornost-podjetja\/\",\"url\":\"https:\/\/msk.si\/druzbena-odgovornost-podjetja\/\",\"name\":\"Gesellschaftliche Verantwortung - MSK\",\"isPartOf\":{\"@id\":\"https:\/\/msk.si\/#website\"},\"datePublished\":\"2025-08-21T11:33:10+00:00\",\"dateModified\":\"2025-09-26T09:30:51+00:00\",\"breadcrumb\":{\"@id\":\"https:\/\/msk.si\/druzbena-odgovornost-podjetja\/#breadcrumb\"},\"inLanguage\":\"de\",\"potentialAction\":[{\"@type\":\"ReadAction\",\"target\":[\"https:\/\/msk.si\/druzbena-odgovornost-podjetja\/\"]}]},{\"@type\":\"BreadcrumbList\",\"@id\":\"https:\/\/msk.si\/druzbena-odgovornost-podjetja\/#breadcrumb\",\"itemListElement\":[{\"@type\":\"ListItem\",\"position\":1,\"name\":\"Home\",\"item\":\"https:\/\/msk.si\/de\/\"},{\"@type\":\"ListItem\",\"position\":2,\"name\":\"Gesellschaftliche Verantwortung\"}]},{\"@type\":\"WebSite\",\"@id\":\"https:\/\/msk.si\/#website\",\"url\":\"https:\/\/msk.si\/\",\"name\":\"MSK\",\"description\":\"\",\"potentialAction\":[{\"@type\":\"SearchAction\",\"target\":{\"@type\":\"EntryPoint\",\"urlTemplate\":\"https:\/\/msk.si\/?s={search_term_string}\"},\"query-input\":{\"@type\":\"PropertyValueSpecification\",\"valueRequired\":true,\"valueName\":\"search_term_string\"}}],\"inLanguage\":\"de\"}]}<\/script>\n<!-- \/ Yoast SEO plugin. -->","yoast_head_json":{"title":"Gesellschaftliche Verantwortung - MSK","robots":{"index":"index","follow":"follow","max-snippet":"max-snippet:-1","max-image-preview":"max-image-preview:large","max-video-preview":"max-video-preview:-1"},"canonical":"https:\/\/msk.si\/druzbena-odgovornost-podjetja\/","og_locale":"de_DE","og_type":"article","og_title":"Gesellschaftliche Verantwortung - MSK","og_description":"Der Verpackungshersteller MSK, d. o. o., ist bereits seit 1990 in seiner lokalen Umgebung aktiv und setzt sich f\u00fcr die Verbesserung der Lebens- und Arbeitsqualit\u00e4t in seinem Umfeld ein. Der Umweltschutz steht ganz oben auf der Priorit\u00e4tenliste in unserer Entwicklungsstrategie. Die Umweltschutzpolitik umfasst den gesamten Produktzyklus, &#8211; von der Planungsphase, \u00fcber die Herstellung bis hin [&hellip;]","og_url":"https:\/\/msk.si\/druzbena-odgovornost-podjetja\/","og_site_name":"MSK","article_modified_time":"2025-09-26T09:30:51+00:00","twitter_card":"summary_large_image","twitter_misc":{"Gesch\u00e4tzte Lesezeit":"1\u00a0Minute"},"schema":{"@context":"https:\/\/schema.org","@graph":[{"@type":"WebPage","@id":"https:\/\/msk.si\/druzbena-odgovornost-podjetja\/","url":"https:\/\/msk.si\/druzbena-odgovornost-podjetja\/","name":"Gesellschaftliche Verantwortung - MSK","isPartOf":{"@id":"https:\/\/msk.si\/#website"},"datePublished":"2025-08-21T11:33:10+00:00","dateModified":"2025-09-26T09:30:51+00:00","breadcrumb":{"@id":"https:\/\/msk.si\/druzbena-odgovornost-podjetja\/#breadcrumb"},"inLanguage":"de","potentialAction":[{"@type":"ReadAction","target":["https:\/\/msk.si\/druzbena-odgovornost-podjetja\/"]}]},{"@type":"BreadcrumbList","@id":"https:\/\/msk.si\/druzbena-odgovornost-podjetja\/#breadcrumb","itemListElement":[{"@type":"ListItem","position":1,"name":"Home","item":"https:\/\/msk.si\/de\/"},{"@type":"ListItem","position":2,"name":"Gesellschaftliche Verantwortung"}]},{"@type":"WebSite","@id":"https:\/\/msk.si\/#website","url":"https:\/\/msk.si\/","name":"MSK","description":"","potentialAction":[{"@type":"SearchAction","target":{"@type":"EntryPoint","urlTemplate":"https:\/\/msk.si\/?s={search_term_string}"},"query-input":{"@type":"PropertyValueSpecification","valueRequired":true,"valueName":"search_term_string"}}],"inLanguage":"de"}]}},"_links":{"self":[{"href":"https:\/\/msk.si\/de\/wp-json\/wp\/v2\/pages\/2786","targetHints":{"allow":["GET"]}}],"collection":[{"href":"https:\/\/msk.si\/de\/wp-json\/wp\/v2\/pages"}],"about":[{"href":"https:\/\/msk.si\/de\/wp-json\/wp\/v2\/types\/page"}],"author":[{"embeddable":true,"href":"https:\/\/msk.si\/de\/wp-json\/wp\/v2\/users\/2"}],"replies":[{"embeddable":true,"href":"https:\/\/msk.si\/de\/wp-json\/wp\/v2\/comments?post=2786"}],"version-history":[{"count":8,"href":"https:\/\/msk.si\/de\/wp-json\/wp\/v2\/pages\/2786\/revisions"}],"predecessor-version":[{"id":2878,"href":"https:\/\/msk.si\/de\/wp-json\/wp\/v2\/pages\/2786\/revisions\/2878"}],"wp:attachment":[{"href":"https:\/\/msk.si\/de\/wp-json\/wp\/v2\/media?parent=2786"}],"curies":[{"name":"wp","href":"https:\/\/api.w.org\/{rel}","templated":true}]}}