{"id":2790,"date":"2025-08-21T12:35:32","date_gmt":"2025-08-21T11:35:32","guid":{"rendered":"https:\/\/msk.si\/?page_id=2790"},"modified":"2025-09-26T10:41:35","modified_gmt":"2025-09-26T09:41:35","slug":"entsorgung-von-verpackungen-der-gruene-punkt","status":"publish","type":"page","link":"https:\/\/msk.si\/de\/entsorgung-von-verpackungen-der-gruene-punkt\/","title":{"rendered":"Entsorgung von Verpackungen: \u201eDer Gr\u00fcne Punkt\u201c"},"content":{"rendered":"\t\t<div data-elementor-type=\"wp-page\" data-elementor-id=\"2790\" class=\"elementor elementor-2790 elementor-2527\">\n\t\t\t\t\t\t<section class=\"elementor-section elementor-top-section elementor-element elementor-element-8a7b012 elementor-section-full_width elementor-section-height-default elementor-section-height-default\" data-id=\"8a7b012\" data-element_type=\"section\" data-settings=\"{&quot;wdt_bg_image&quot;:{&quot;url&quot;:&quot;&quot;,&quot;id&quot;:&quot;&quot;,&quot;size&quot;:&quot;&quot;},&quot;wdt_bg_image_laptop&quot;:{&quot;url&quot;:&quot;&quot;,&quot;id&quot;:&quot;&quot;,&quot;size&quot;:&quot;&quot;},&quot;wdt_bg_image_tablet_extra&quot;:{&quot;url&quot;:&quot;&quot;,&quot;id&quot;:&quot;&quot;,&quot;size&quot;:&quot;&quot;},&quot;wdt_bg_image_tablet&quot;:{&quot;url&quot;:&quot;&quot;,&quot;id&quot;:&quot;&quot;,&quot;size&quot;:&quot;&quot;},&quot;wdt_bg_image_mobile_extra&quot;:{&quot;url&quot;:&quot;&quot;,&quot;id&quot;:&quot;&quot;,&quot;size&quot;:&quot;&quot;},&quot;wdt_bg_image_mobile&quot;:{&quot;url&quot;:&quot;&quot;,&quot;id&quot;:&quot;&quot;,&quot;size&quot;:&quot;&quot;},&quot;wdt_bg_position&quot;:&quot;center center&quot;,&quot;wdt_animation_effect&quot;:&quot;none&quot;}\">\n\t\t\t\t\t\t<div class=\"elementor-container elementor-column-gap-no\">\n\t\t\t\t\t<div class=\"elementor-column elementor-col-100 elementor-top-column elementor-element elementor-element-2a3d5e1\" data-id=\"2a3d5e1\" data-element_type=\"column\">\n\t\t\t<div class=\"elementor-widget-wrap elementor-element-populated\">\n\t\t\t\t\t\t<section class=\"elementor-section elementor-inner-section elementor-element elementor-element-8e16d1e elementor-section-boxed elementor-section-height-default elementor-section-height-default\" data-id=\"8e16d1e\" data-element_type=\"section\" data-settings=\"{&quot;wdt_bg_image&quot;:{&quot;url&quot;:&quot;&quot;,&quot;id&quot;:&quot;&quot;,&quot;size&quot;:&quot;&quot;},&quot;wdt_bg_image_laptop&quot;:{&quot;url&quot;:&quot;&quot;,&quot;id&quot;:&quot;&quot;,&quot;size&quot;:&quot;&quot;},&quot;wdt_bg_image_tablet_extra&quot;:{&quot;url&quot;:&quot;&quot;,&quot;id&quot;:&quot;&quot;,&quot;size&quot;:&quot;&quot;},&quot;wdt_bg_image_tablet&quot;:{&quot;url&quot;:&quot;&quot;,&quot;id&quot;:&quot;&quot;,&quot;size&quot;:&quot;&quot;},&quot;wdt_bg_image_mobile_extra&quot;:{&quot;url&quot;:&quot;&quot;,&quot;id&quot;:&quot;&quot;,&quot;size&quot;:&quot;&quot;},&quot;wdt_bg_image_mobile&quot;:{&quot;url&quot;:&quot;&quot;,&quot;id&quot;:&quot;&quot;,&quot;size&quot;:&quot;&quot;},&quot;wdt_bg_position&quot;:&quot;center center&quot;,&quot;wdt_animation_effect&quot;:&quot;none&quot;}\">\n\t\t\t\t\t\t<div class=\"elementor-container elementor-column-gap-default\">\n\t\t\t\t\t<div class=\"elementor-column elementor-col-50 elementor-inner-column elementor-element elementor-element-88346c0\" data-id=\"88346c0\" data-element_type=\"column\">\n\t\t\t<div class=\"elementor-widget-wrap elementor-element-populated\">\n\t\t\t\t\t\t<div class=\"elementor-element elementor-element-029cc64 elementor-widget elementor-widget-text-editor\" data-id=\"029cc64\" data-element_type=\"widget\" data-settings=\"{&quot;wdt_animation_effect&quot;:&quot;none&quot;}\" data-widget_type=\"text-editor.default\">\n\t\t\t\t<div class=\"elementor-widget-container\">\n\t\t\t\t\t\t\t\t\t<p class=\"western\" lang=\"de-DE\">Das Unternehmen MSK, d. o. o., hat mit Slopak einen Vertrag \u00fcber die \u00dcbertragung der Verpflichtungen zur Entsorgung von Verpackungen und Verpackungsabf\u00e4llen mit der Nummer 369\/15-03 abgeschlossen.<\/p><p class=\"western\" lang=\"de-DE\">Der Gr\u00fcne Punkt belegt die Teilnahme am gr\u00f6\u00dften europ\u00e4ischen System zur Entsorgung von Verpackungsabf\u00e4llen, Pro Europe (Slopak in Slowenien). \u201eDer Gr\u00fcne Punkt\u201c ist allerdings nicht nur ein Zeichen f\u00fcr die Teilnahme an diesem europaweiten System, sondern auch ein sichtbares Zeichen, das den Verbrauchern verdeutlicht, dass die einzelnen Verpackungen anschlie\u00dfend ordnungsgem\u00e4\u00df \u00fcbernommen und behandelt werden. Genau darin liegt auch der wirtschaftliche Wert des \u201eGr\u00fcnen Punkts\u201c, der sich laut Europ\u00e4ischer Kommission in einer entsprechenden Lizenzgeb\u00fchr f\u00fcr seine Nutzung niederschlagen kann.<\/p><p class=\"western\" lang=\"de-DE\">Das Zeichen \u201eDer Gr\u00fcne Punkt\u201c kann nat\u00fcrlich neben anderen Zeichen erscheinen, die auf die Teilnahme an anderen Systemen zur Entsorgung von Verpackungsabf\u00e4llen hinweisen oder eine andere Kommunikationsfunktion\/Verweisfunktion haben.<\/p><p class=\"western\" lang=\"de-DE\">Quelle: Slopak<\/p>\t\t\t\t\t\t\t\t<\/div>\n\t\t\t\t<\/div>\n\t\t\t\t\t<\/div>\n\t\t<\/div>\n\t\t\t\t<div class=\"elementor-column elementor-col-50 elementor-inner-column elementor-element elementor-element-0677503\" data-id=\"0677503\" data-element_type=\"column\">\n\t\t\t<div class=\"elementor-widget-wrap elementor-element-populated\">\n\t\t\t\t\t\t<div class=\"elementor-element elementor-element-77bb3a0 elementor-widget elementor-widget-image\" data-id=\"77bb3a0\" data-element_type=\"widget\" data-settings=\"{&quot;wdt_animation_effect&quot;:&quot;none&quot;}\" data-widget_type=\"image.default\">\n\t\t\t\t<div class=\"elementor-widget-container\">\n\t\t\t\t\t\t\t\t\t\t\t\t\t\t\t<img fetchpriority=\"high\" decoding=\"async\" width=\"2000\" height=\"1649\" src=\"https:\/\/msk.si\/wp-content\/uploads\/2025\/08\/Zelena_pika_logo.jpg\" class=\"attachment-full size-full wp-image-2763\" alt=\"\" srcset=\"https:\/\/msk.si\/wp-content\/uploads\/2025\/08\/Zelena_pika_logo.jpg 2000w, https:\/\/msk.si\/wp-content\/uploads\/2025\/08\/Zelena_pika_logo-300x247.jpg 300w, https:\/\/msk.si\/wp-content\/uploads\/2025\/08\/Zelena_pika_logo-1024x844.jpg 1024w, https:\/\/msk.si\/wp-content\/uploads\/2025\/08\/Zelena_pika_logo-768x633.jpg 768w, https:\/\/msk.si\/wp-content\/uploads\/2025\/08\/Zelena_pika_logo-1536x1266.jpg 1536w, https:\/\/msk.si\/wp-content\/uploads\/2025\/08\/Zelena_pika_logo-1000x825.jpg 1000w, https:\/\/msk.si\/wp-content\/uploads\/2025\/08\/Zelena_pika_logo-187x154.jpg 187w\" sizes=\"(max-width: 2000px) 100vw, 2000px\" \/>\t\t\t\t\t\t\t\t\t\t\t\t\t\t\t<\/div>\n\t\t\t\t<\/div>\n\t\t\t\t\t<\/div>\n\t\t<\/div>\n\t\t\t\t\t<\/div>\n\t\t<\/section>\n\t\t\t\t\t<\/div>\n\t\t<\/div>\n\t\t\t\t\t<\/div>\n\t\t<\/section>\n\t\t\t\t<section class=\"elementor-section elementor-top-section elementor-element elementor-element-d9e52b2 elementor-section-full_width elementor-section-height-default elementor-section-height-default\" data-id=\"d9e52b2\" data-element_type=\"section\" data-settings=\"{&quot;wdt_bg_image&quot;:{&quot;url&quot;:&quot;&quot;,&quot;id&quot;:&quot;&quot;,&quot;size&quot;:&quot;&quot;},&quot;wdt_bg_image_laptop&quot;:{&quot;url&quot;:&quot;&quot;,&quot;id&quot;:&quot;&quot;,&quot;size&quot;:&quot;&quot;},&quot;wdt_bg_image_tablet_extra&quot;:{&quot;url&quot;:&quot;&quot;,&quot;id&quot;:&quot;&quot;,&quot;size&quot;:&quot;&quot;},&quot;wdt_bg_image_tablet&quot;:{&quot;url&quot;:&quot;&quot;,&quot;id&quot;:&quot;&quot;,&quot;size&quot;:&quot;&quot;},&quot;wdt_bg_image_mobile_extra&quot;:{&quot;url&quot;:&quot;&quot;,&quot;id&quot;:&quot;&quot;,&quot;size&quot;:&quot;&quot;},&quot;wdt_bg_image_mobile&quot;:{&quot;url&quot;:&quot;&quot;,&quot;id&quot;:&quot;&quot;,&quot;size&quot;:&quot;&quot;},&quot;wdt_bg_position&quot;:&quot;center center&quot;,&quot;wdt_animation_effect&quot;:&quot;none&quot;}\">\n\t\t\t\t\t\t<div class=\"elementor-container elementor-column-gap-no\">\n\t\t\t\t\t<div class=\"elementor-column elementor-col-100 elementor-top-column elementor-element elementor-element-a18a314\" data-id=\"a18a314\" data-element_type=\"column\">\n\t\t\t<div class=\"elementor-widget-wrap elementor-element-populated\">\n\t\t\t\t\t\t<section class=\"elementor-section elementor-inner-section elementor-element elementor-element-a39f3bb elementor-section-boxed elementor-section-height-default elementor-section-height-default\" data-id=\"a39f3bb\" data-element_type=\"section\" data-settings=\"{&quot;wdt_bg_image&quot;:{&quot;url&quot;:&quot;&quot;,&quot;id&quot;:&quot;&quot;,&quot;size&quot;:&quot;&quot;},&quot;wdt_bg_image_laptop&quot;:{&quot;url&quot;:&quot;&quot;,&quot;id&quot;:&quot;&quot;,&quot;size&quot;:&quot;&quot;},&quot;wdt_bg_image_tablet_extra&quot;:{&quot;url&quot;:&quot;&quot;,&quot;id&quot;:&quot;&quot;,&quot;size&quot;:&quot;&quot;},&quot;wdt_bg_image_tablet&quot;:{&quot;url&quot;:&quot;&quot;,&quot;id&quot;:&quot;&quot;,&quot;size&quot;:&quot;&quot;},&quot;wdt_bg_image_mobile_extra&quot;:{&quot;url&quot;:&quot;&quot;,&quot;id&quot;:&quot;&quot;,&quot;size&quot;:&quot;&quot;},&quot;wdt_bg_image_mobile&quot;:{&quot;url&quot;:&quot;&quot;,&quot;id&quot;:&quot;&quot;,&quot;size&quot;:&quot;&quot;},&quot;wdt_bg_position&quot;:&quot;center center&quot;,&quot;wdt_animation_effect&quot;:&quot;none&quot;}\">\n\t\t\t\t\t\t<div class=\"elementor-container elementor-column-gap-default\">\n\t\t\t\t\t<div class=\"elementor-column elementor-col-100 elementor-inner-column elementor-element elementor-element-a451b89 wdt-custom-testmonial\" data-id=\"a451b89\" data-element_type=\"column\">\n\t\t\t<div class=\"elementor-widget-wrap elementor-element-populated\">\n\t\t\t\t\t\t<div class=\"elementor-element elementor-element-704ec91 elementor-widget elementor-widget-wdt-testimonial\" data-id=\"704ec91\" data-element_type=\"widget\" data-settings=\"{&quot;button_normal_background_background&quot;:&quot;classic&quot;,&quot;button_normal_background_color&quot;:&quot;#BB2233&quot;,&quot;carousel_arrows_prev_arrow_vertical_top_indent&quot;:{&quot;unit&quot;:&quot;%&quot;,&quot;size&quot;:&quot;&quot;,&quot;sizes&quot;:[]},&quot;carousel_arrows_prev_arrow_vertical_top_indent_laptop&quot;:{&quot;unit&quot;:&quot;px&quot;,&quot;size&quot;:&quot;&quot;,&quot;sizes&quot;:[]},&quot;carousel_arrows_prev_arrow_vertical_top_indent_tablet_extra&quot;:{&quot;unit&quot;:&quot;px&quot;,&quot;size&quot;:&quot;&quot;,&quot;sizes&quot;:[]},&quot;carousel_arrows_prev_arrow_vertical_top_indent_tablet&quot;:{&quot;unit&quot;:&quot;%&quot;,&quot;size&quot;:&quot;&quot;,&quot;sizes&quot;:[]},&quot;carousel_arrows_prev_arrow_vertical_top_indent_mobile_extra&quot;:{&quot;unit&quot;:&quot;px&quot;,&quot;size&quot;:&quot;&quot;,&quot;sizes&quot;:[]},&quot;carousel_arrows_prev_arrow_vertical_top_indent_mobile&quot;:{&quot;unit&quot;:&quot;%&quot;,&quot;size&quot;:&quot;&quot;,&quot;sizes&quot;:[]},&quot;carousel_arrows_prev_arrow_horizontal_left_indent&quot;:{&quot;unit&quot;:&quot;%&quot;,&quot;size&quot;:&quot;&quot;,&quot;sizes&quot;:[]},&quot;carousel_arrows_prev_arrow_horizontal_left_indent_laptop&quot;:{&quot;unit&quot;:&quot;px&quot;,&quot;size&quot;:&quot;&quot;,&quot;sizes&quot;:[]},&quot;carousel_arrows_prev_arrow_horizontal_left_indent_tablet_extra&quot;:{&quot;unit&quot;:&quot;px&quot;,&quot;size&quot;:&quot;&quot;,&quot;sizes&quot;:[]},&quot;carousel_arrows_prev_arrow_horizontal_left_indent_tablet&quot;:{&quot;unit&quot;:&quot;%&quot;,&quot;size&quot;:&quot;&quot;,&quot;sizes&quot;:[]},&quot;carousel_arrows_prev_arrow_horizontal_left_indent_mobile_extra&quot;:{&quot;unit&quot;:&quot;px&quot;,&quot;size&quot;:&quot;&quot;,&quot;sizes&quot;:[]},&quot;carousel_arrows_prev_arrow_horizontal_left_indent_mobile&quot;:{&quot;unit&quot;:&quot;%&quot;,&quot;size&quot;:&quot;&quot;,&quot;sizes&quot;:[]},&quot;carousel_arrows_next_arrow_vertical_top_indent&quot;:{&quot;unit&quot;:&quot;%&quot;,&quot;size&quot;:&quot;&quot;,&quot;sizes&quot;:[]},&quot;carousel_arrows_next_arrow_vertical_top_indent_laptop&quot;:{&quot;unit&quot;:&quot;px&quot;,&quot;size&quot;:&quot;&quot;,&quot;sizes&quot;:[]},&quot;carousel_arrows_next_arrow_vertical_top_indent_tablet_extra&quot;:{&quot;unit&quot;:&quot;px&quot;,&quot;size&quot;:&quot;&quot;,&quot;sizes&quot;:[]},&quot;carousel_arrows_next_arrow_vertical_top_indent_tablet&quot;:{&quot;unit&quot;:&quot;%&quot;,&quot;size&quot;:&quot;&quot;,&quot;sizes&quot;:[]},&quot;carousel_arrows_next_arrow_vertical_top_indent_mobile_extra&quot;:{&quot;unit&quot;:&quot;px&quot;,&quot;size&quot;:&quot;&quot;,&quot;sizes&quot;:[]},&quot;carousel_arrows_next_arrow_vertical_top_indent_mobile&quot;:{&quot;unit&quot;:&quot;%&quot;,&quot;size&quot;:&quot;&quot;,&quot;sizes&quot;:[]},&quot;carousel_arrows_next_arrow_horizontal_left_indent&quot;:{&quot;unit&quot;:&quot;%&quot;,&quot;size&quot;:&quot;&quot;,&quot;sizes&quot;:[]},&quot;carousel_arrows_next_arrow_horizontal_left_indent_laptop&quot;:{&quot;unit&quot;:&quot;px&quot;,&quot;size&quot;:&quot;&quot;,&quot;sizes&quot;:[]},&quot;carousel_arrows_next_arrow_horizontal_left_indent_tablet_extra&quot;:{&quot;unit&quot;:&quot;px&quot;,&quot;size&quot;:&quot;&quot;,&quot;sizes&quot;:[]},&quot;carousel_arrows_next_arrow_horizontal_left_indent_tablet&quot;:{&quot;unit&quot;:&quot;%&quot;,&quot;size&quot;:&quot;&quot;,&quot;sizes&quot;:[]},&quot;carousel_arrows_next_arrow_horizontal_left_indent_mobile_extra&quot;:{&quot;unit&quot;:&quot;px&quot;,&quot;size&quot;:&quot;&quot;,&quot;sizes&quot;:[]},&quot;carousel_arrows_next_arrow_horizontal_left_indent_mobile&quot;:{&quot;unit&quot;:&quot;%&quot;,&quot;size&quot;:&quot;&quot;,&quot;sizes&quot;:[]},&quot;wdt_animation_effect&quot;:&quot;none&quot;}\" data-widget_type=\"wdt-testimonial.default\">\n\t\t\t\t<div class=\"elementor-widget-container\">\n\t\t\t\t\t<div class=\"wdt-testimonial-holder wdt-content-item-holder wdt-column-holder wdt-rc-template-custom-template\" id=\"wdt-testimonial-704ec91\"><div class=\"wdt-content-item\"><div class=\"wdt-content-media-group\"><div class=\"wdt-content-icon-wrapper\"><div class=\"wdt-content-icon\"><span><i aria-hidden=\"true\" class=\"fas fa-quote-right\"><\/i><\/span><\/div><\/div><\/div><div class=\"wdt-content-detail-group\"><div class=\"wdt-content-description\">In den Umweltrahmen- und Umsetzungszielen setzen wir uns Priorit\u00e4ten f\u00fcr den Umweltschutz, die unserem Unternehmen eine kontinuierliche Verbesserung seines Verh\u00e4ltnisses zur Umwelt gew\u00e4hrleisten und das Verst\u00e4ndnis f\u00fcr die Bedeutung des Umweltschutzes bei unseren Kunden sicherstellen.<\/div><div class=\"wdt-content-elements-group wdt-content-group \"><div class=\"wdt-content-button wdt-button-clone\"><a href=\"https:\/\/msk.si\/de\/kontakt\" target=\"_blank\" rel=\"nofollow\" ><div class=\"wdt-button-text\"><span>Kontaktieren Sie uns<\/span><\/div><\/a><\/div><\/div><\/div><\/div><\/div>\t\t\t\t<\/div>\n\t\t\t\t<\/div>\n\t\t\t\t\t<\/div>\n\t\t<\/div>\n\t\t\t\t\t<\/div>\n\t\t<\/section>\n\t\t\t\t\t<\/div>\n\t\t<\/div>\n\t\t\t\t\t<\/div>\n\t\t<\/section>\n\t\t\t\t<section class=\"elementor-section elementor-top-section elementor-element elementor-element-9293a96 elementor-section-boxed elementor-section-height-default elementor-section-height-default\" data-id=\"9293a96\" data-element_type=\"section\" data-settings=\"{&quot;wdt_bg_image&quot;:{&quot;url&quot;:&quot;&quot;,&quot;id&quot;:&quot;&quot;,&quot;size&quot;:&quot;&quot;},&quot;wdt_bg_image_laptop&quot;:{&quot;url&quot;:&quot;&quot;,&quot;id&quot;:&quot;&quot;,&quot;size&quot;:&quot;&quot;},&quot;wdt_bg_image_tablet_extra&quot;:{&quot;url&quot;:&quot;&quot;,&quot;id&quot;:&quot;&quot;,&quot;size&quot;:&quot;&quot;},&quot;wdt_bg_image_tablet&quot;:{&quot;url&quot;:&quot;&quot;,&quot;id&quot;:&quot;&quot;,&quot;size&quot;:&quot;&quot;},&quot;wdt_bg_image_mobile_extra&quot;:{&quot;url&quot;:&quot;&quot;,&quot;id&quot;:&quot;&quot;,&quot;size&quot;:&quot;&quot;},&quot;wdt_bg_image_mobile&quot;:{&quot;url&quot;:&quot;&quot;,&quot;id&quot;:&quot;&quot;,&quot;size&quot;:&quot;&quot;},&quot;wdt_bg_position&quot;:&quot;center center&quot;,&quot;wdt_animation_effect&quot;:&quot;none&quot;}\">\n\t\t\t\t\t\t<div class=\"elementor-container elementor-column-gap-default\">\n\t\t\t\t\t<div class=\"elementor-column elementor-col-100 elementor-top-column elementor-element elementor-element-b610a01\" data-id=\"b610a01\" data-element_type=\"column\">\n\t\t\t<div class=\"elementor-widget-wrap elementor-element-populated\">\n\t\t\t\t\t\t<div class=\"elementor-element elementor-element-9fedc03 elementor-widget elementor-widget-spacer\" data-id=\"9fedc03\" data-element_type=\"widget\" data-settings=\"{&quot;wdt_animation_effect&quot;:&quot;none&quot;}\" data-widget_type=\"spacer.default\">\n\t\t\t\t<div class=\"elementor-widget-container\">\n\t\t\t\t\t\t\t<div class=\"elementor-spacer\">\n\t\t\t<div class=\"elementor-spacer-inner\"><\/div>\n\t\t<\/div>\n\t\t\t\t\t\t<\/div>\n\t\t\t\t<\/div>\n\t\t\t\t\t<\/div>\n\t\t<\/div>\n\t\t\t\t\t<\/div>\n\t\t<\/section>\n\t\t\t\t<\/div>\n\t\t","protected":false},"excerpt":{"rendered":"<p>Das Unternehmen MSK, d. o. o., hat mit Slopak einen Vertrag \u00fcber die \u00dcbertragung der Verpflichtungen zur Entsorgung von Verpackungen und Verpackungsabf\u00e4llen mit der Nummer 369\/15-03 abgeschlossen. Der Gr\u00fcne Punkt belegt die Teilnahme am gr\u00f6\u00dften europ\u00e4ischen System zur Entsorgung von Verpackungsabf\u00e4llen, Pro Europe (Slopak in Slowenien). \u201eDer Gr\u00fcne Punkt\u201c ist allerdings nicht nur ein Zeichen [&hellip;]<\/p>\n","protected":false},"author":2,"featured_media":0,"parent":0,"menu_order":0,"comment_status":"closed","ping_status":"closed","template":"","meta":{"inline_featured_image":false,"footnotes":""},"class_list":["post-2790","page","type-page","status-publish","hentry"],"yoast_head":"<!-- This site is optimized with the Yoast SEO plugin v26.4 - https:\/\/yoast.com\/wordpress\/plugins\/seo\/ -->\n<title>Entsorgung von Verpackungen: \u201eDer Gr\u00fcne Punkt\u201c - MSK<\/title>\n<meta name=\"robots\" content=\"index, follow, max-snippet:-1, max-image-preview:large, max-video-preview:-1\" \/>\n<link rel=\"canonical\" href=\"https:\/\/msk.si\/ravnanje-z-embalazo-znak-zelena-pika\/\" \/>\n<meta property=\"og:locale\" content=\"de_DE\" \/>\n<meta property=\"og:type\" content=\"article\" \/>\n<meta property=\"og:title\" content=\"Entsorgung von Verpackungen: \u201eDer Gr\u00fcne Punkt\u201c - MSK\" \/>\n<meta property=\"og:description\" content=\"Das Unternehmen MSK, d. o. o., hat mit Slopak einen Vertrag \u00fcber die \u00dcbertragung der Verpflichtungen zur Entsorgung von Verpackungen und Verpackungsabf\u00e4llen mit der Nummer 369\/15-03 abgeschlossen. Der Gr\u00fcne Punkt belegt die Teilnahme am gr\u00f6\u00dften europ\u00e4ischen System zur Entsorgung von Verpackungsabf\u00e4llen, Pro Europe (Slopak in Slowenien). \u201eDer Gr\u00fcne Punkt\u201c ist allerdings nicht nur ein Zeichen [&hellip;]\" \/>\n<meta property=\"og:url\" content=\"https:\/\/msk.si\/ravnanje-z-embalazo-znak-zelena-pika\/\" \/>\n<meta property=\"og:site_name\" content=\"MSK\" \/>\n<meta property=\"article:modified_time\" content=\"2025-09-26T09:41:35+00:00\" \/>\n<meta property=\"og:image\" content=\"https:\/\/msk.si\/wp-content\/uploads\/2025\/08\/Zelena_pika_logo.jpg\" \/>\n\t<meta property=\"og:image:width\" content=\"2000\" \/>\n\t<meta property=\"og:image:height\" content=\"1649\" \/>\n\t<meta property=\"og:image:type\" content=\"image\/jpeg\" \/>\n<meta name=\"twitter:card\" content=\"summary_large_image\" \/>\n<meta name=\"twitter:label1\" content=\"Gesch\u00e4tzte Lesezeit\" \/>\n\t<meta name=\"twitter:data1\" content=\"1\u00a0Minute\" \/>\n<script type=\"application\/ld+json\" class=\"yoast-schema-graph\">{\"@context\":\"https:\/\/schema.org\",\"@graph\":[{\"@type\":\"WebPage\",\"@id\":\"https:\/\/msk.si\/ravnanje-z-embalazo-znak-zelena-pika\/\",\"url\":\"https:\/\/msk.si\/ravnanje-z-embalazo-znak-zelena-pika\/\",\"name\":\"Entsorgung von Verpackungen: \u201eDer Gr\u00fcne Punkt\u201c - MSK\",\"isPartOf\":{\"@id\":\"https:\/\/msk.si\/#website\"},\"primaryImageOfPage\":{\"@id\":\"https:\/\/msk.si\/ravnanje-z-embalazo-znak-zelena-pika\/#primaryimage\"},\"image\":{\"@id\":\"https:\/\/msk.si\/ravnanje-z-embalazo-znak-zelena-pika\/#primaryimage\"},\"thumbnailUrl\":\"https:\/\/msk.si\/wp-content\/uploads\/2025\/08\/Zelena_pika_logo.jpg\",\"datePublished\":\"2025-08-21T11:35:32+00:00\",\"dateModified\":\"2025-09-26T09:41:35+00:00\",\"breadcrumb\":{\"@id\":\"https:\/\/msk.si\/ravnanje-z-embalazo-znak-zelena-pika\/#breadcrumb\"},\"inLanguage\":\"de\",\"potentialAction\":[{\"@type\":\"ReadAction\",\"target\":[\"https:\/\/msk.si\/ravnanje-z-embalazo-znak-zelena-pika\/\"]}]},{\"@type\":\"ImageObject\",\"inLanguage\":\"de\",\"@id\":\"https:\/\/msk.si\/ravnanje-z-embalazo-znak-zelena-pika\/#primaryimage\",\"url\":\"https:\/\/msk.si\/wp-content\/uploads\/2025\/08\/Zelena_pika_logo.jpg\",\"contentUrl\":\"https:\/\/msk.si\/wp-content\/uploads\/2025\/08\/Zelena_pika_logo.jpg\"},{\"@type\":\"BreadcrumbList\",\"@id\":\"https:\/\/msk.si\/ravnanje-z-embalazo-znak-zelena-pika\/#breadcrumb\",\"itemListElement\":[{\"@type\":\"ListItem\",\"position\":1,\"name\":\"Home\",\"item\":\"https:\/\/msk.si\/de\/\"},{\"@type\":\"ListItem\",\"position\":2,\"name\":\"Entsorgung von Verpackungen: \u201eDer Gr\u00fcne Punkt\u201c\"}]},{\"@type\":\"WebSite\",\"@id\":\"https:\/\/msk.si\/#website\",\"url\":\"https:\/\/msk.si\/\",\"name\":\"MSK\",\"description\":\"\",\"potentialAction\":[{\"@type\":\"SearchAction\",\"target\":{\"@type\":\"EntryPoint\",\"urlTemplate\":\"https:\/\/msk.si\/?s={search_term_string}\"},\"query-input\":{\"@type\":\"PropertyValueSpecification\",\"valueRequired\":true,\"valueName\":\"search_term_string\"}}],\"inLanguage\":\"de\"}]}<\/script>\n<!-- \/ Yoast SEO plugin. -->","yoast_head_json":{"title":"Entsorgung von Verpackungen: \u201eDer Gr\u00fcne Punkt\u201c - MSK","robots":{"index":"index","follow":"follow","max-snippet":"max-snippet:-1","max-image-preview":"max-image-preview:large","max-video-preview":"max-video-preview:-1"},"canonical":"https:\/\/msk.si\/ravnanje-z-embalazo-znak-zelena-pika\/","og_locale":"de_DE","og_type":"article","og_title":"Entsorgung von Verpackungen: \u201eDer Gr\u00fcne Punkt\u201c - MSK","og_description":"Das Unternehmen MSK, d. o. o., hat mit Slopak einen Vertrag \u00fcber die \u00dcbertragung der Verpflichtungen zur Entsorgung von Verpackungen und Verpackungsabf\u00e4llen mit der Nummer 369\/15-03 abgeschlossen. Der Gr\u00fcne Punkt belegt die Teilnahme am gr\u00f6\u00dften europ\u00e4ischen System zur Entsorgung von Verpackungsabf\u00e4llen, Pro Europe (Slopak in Slowenien). \u201eDer Gr\u00fcne Punkt\u201c ist allerdings nicht nur ein Zeichen [&hellip;]","og_url":"https:\/\/msk.si\/ravnanje-z-embalazo-znak-zelena-pika\/","og_site_name":"MSK","article_modified_time":"2025-09-26T09:41:35+00:00","og_image":[{"width":2000,"height":1649,"url":"https:\/\/msk.si\/wp-content\/uploads\/2025\/08\/Zelena_pika_logo.jpg","type":"image\/jpeg"}],"twitter_card":"summary_large_image","twitter_misc":{"Gesch\u00e4tzte Lesezeit":"1\u00a0Minute"},"schema":{"@context":"https:\/\/schema.org","@graph":[{"@type":"WebPage","@id":"https:\/\/msk.si\/ravnanje-z-embalazo-znak-zelena-pika\/","url":"https:\/\/msk.si\/ravnanje-z-embalazo-znak-zelena-pika\/","name":"Entsorgung von Verpackungen: \u201eDer Gr\u00fcne Punkt\u201c - MSK","isPartOf":{"@id":"https:\/\/msk.si\/#website"},"primaryImageOfPage":{"@id":"https:\/\/msk.si\/ravnanje-z-embalazo-znak-zelena-pika\/#primaryimage"},"image":{"@id":"https:\/\/msk.si\/ravnanje-z-embalazo-znak-zelena-pika\/#primaryimage"},"thumbnailUrl":"https:\/\/msk.si\/wp-content\/uploads\/2025\/08\/Zelena_pika_logo.jpg","datePublished":"2025-08-21T11:35:32+00:00","dateModified":"2025-09-26T09:41:35+00:00","breadcrumb":{"@id":"https:\/\/msk.si\/ravnanje-z-embalazo-znak-zelena-pika\/#breadcrumb"},"inLanguage":"de","potentialAction":[{"@type":"ReadAction","target":["https:\/\/msk.si\/ravnanje-z-embalazo-znak-zelena-pika\/"]}]},{"@type":"ImageObject","inLanguage":"de","@id":"https:\/\/msk.si\/ravnanje-z-embalazo-znak-zelena-pika\/#primaryimage","url":"https:\/\/msk.si\/wp-content\/uploads\/2025\/08\/Zelena_pika_logo.jpg","contentUrl":"https:\/\/msk.si\/wp-content\/uploads\/2025\/08\/Zelena_pika_logo.jpg"},{"@type":"BreadcrumbList","@id":"https:\/\/msk.si\/ravnanje-z-embalazo-znak-zelena-pika\/#breadcrumb","itemListElement":[{"@type":"ListItem","position":1,"name":"Home","item":"https:\/\/msk.si\/de\/"},{"@type":"ListItem","position":2,"name":"Entsorgung von Verpackungen: \u201eDer Gr\u00fcne Punkt\u201c"}]},{"@type":"WebSite","@id":"https:\/\/msk.si\/#website","url":"https:\/\/msk.si\/","name":"MSK","description":"","potentialAction":[{"@type":"SearchAction","target":{"@type":"EntryPoint","urlTemplate":"https:\/\/msk.si\/?s={search_term_string}"},"query-input":{"@type":"PropertyValueSpecification","valueRequired":true,"valueName":"search_term_string"}}],"inLanguage":"de"}]}},"_links":{"self":[{"href":"https:\/\/msk.si\/de\/wp-json\/wp\/v2\/pages\/2790","targetHints":{"allow":["GET"]}}],"collection":[{"href":"https:\/\/msk.si\/de\/wp-json\/wp\/v2\/pages"}],"about":[{"href":"https:\/\/msk.si\/de\/wp-json\/wp\/v2\/types\/page"}],"author":[{"embeddable":true,"href":"https:\/\/msk.si\/de\/wp-json\/wp\/v2\/users\/2"}],"replies":[{"embeddable":true,"href":"https:\/\/msk.si\/de\/wp-json\/wp\/v2\/comments?post=2790"}],"version-history":[{"count":8,"href":"https:\/\/msk.si\/de\/wp-json\/wp\/v2\/pages\/2790\/revisions"}],"predecessor-version":[{"id":2882,"href":"https:\/\/msk.si\/de\/wp-json\/wp\/v2\/pages\/2790\/revisions\/2882"}],"wp:attachment":[{"href":"https:\/\/msk.si\/de\/wp-json\/wp\/v2\/media?parent=2790"}],"curies":[{"name":"wp","href":"https:\/\/api.w.org\/{rel}","templated":true}]}}